{"id":232,"date":"2018-05-19T17:56:20","date_gmt":"2018-05-19T17:56:20","guid":{"rendered":"http:\/\/jjc-peine.de\/?page_id=232"},"modified":"2024-05-30T21:24:59","modified_gmt":"2024-05-30T21:24:59","slug":"allgemeines-2","status":"publish","type":"page","link":"http:\/\/jjc-peine.de\/?page_id=232","title":{"rendered":"Allgemeines"},"content":{"rendered":"<h2>Das Pr\u00fcfungssystem<\/h2>\n<p>Wie in vielen anderen asiatisch gepr\u00e4gten Kampfsportarten existiert auch im Ju-Jutsu ein Graduierungssytem. Diese werden in zwei Gruppen unterteilt: die Kyugrade, auch als Sch\u00fclergrade bekannt, und die Dangrade, auch als Meistergrade bekannt.<\/p>\n<p>Durch Pr\u00fcfungen ist es m\u00f6glich in einen h\u00f6heren Grad aufzusteigen. In dieser geht es darum vor einer Pr\u00fcfungskomission sein Lernfortschritt und Verst\u00e4ndnis des Ju-Jutsu durch die Demonstration von Techniken und Aufgaben zu demonstrieren.<\/p>\n<h2>Kyupr\u00fcfungen<\/h2>\n<p><img loading=\"lazy\" decoding=\"async\" class=\"alignnone size-full wp-image-353\" src=\"http:\/\/jjc-peine.de\/wp-content\/uploads\/2018\/09\/KyuGrade.jpg\" alt=\"\" width=\"200\" height=\"125\" \/><\/p>\n<p>Bei den Sch\u00fclergraden gibt es Grade, die man erreichen kann. Diese werden durch das Tragen von verschiedenfarbigen G\u00fcrtel unterstrichen. F\u00fcr den 6.Kyu, den Wei\u00dfgurt, braucht man keine Pr\u00fcfung ablegen, da dies die Graduierung eines Neulings ist. Neben dem technischen K\u00f6nnen gibt es noch zwei weitere Bedingungen, die man erf\u00fcllen muss um eine Pr\u00fcfung abzulegen: man muss das Mindestalter erreicht haben und die letzte Kyupr\u00fcfung muss mindestens ein Jahr zur\u00fcckliegen. Die sechs Kyugrade, die es im Ju-Jutsu gibt, sind:<\/p>\n<p>&#8211; 6.Kyu (wei\u00dfer G\u00fcrtel, ab)<br \/>\n&#8211; 5.Kyu (gelber G\u00fcrtel, ab)<br \/>\n&#8211; 4.Kyu (oranger G\u00fcrtel, ab)<br \/>\n&#8211; 3.Kyu (gr\u00fcner G\u00fcrtel, ab)<br \/>\n&#8211; 2.Kyu (blauer G\u00fcrtel, ab)<br \/>\n&#8211; 1.Kyu (brauner G\u00fcrtel, ab 16 Jahren)<\/p>\n<p>Alle Kyugrade ab den 5.Kyu erwirbt man durch das erfolgreiche Ablegen einer Pr\u00fcfung. Die ersten Pr\u00fcfungen, dass hei\u00dft bis zum 3.Kyu, finden im Verein statt, w\u00e4hrend die Pr\u00fcfungen ab den 2.Kyu auf einer Bezirks- oder Landeskyupr\u00fcfung abgelegt werden.<\/p>\n<h2>Zwischenpr\u00fcfungen<\/h2>\n<p><img loading=\"lazy\" decoding=\"async\" class=\"alignnone size-full wp-image-355\" src=\"http:\/\/jjc-peine.de\/wp-content\/uploads\/2018\/09\/KinderGurt.jpg\" alt=\"\" width=\"200\" height=\"190\" \/><\/p>\n<p>Bei Kindern gibt es zus\u00e4tzlich zu den sechs oben erw\u00e4hnten Kyugraden noch weitere, die jeweils zwischen zwei liegen. Diese k\u00f6nnen durch Zwischenpr\u00fcfungen erlangt werden, bei denen nur ein Teil des Pr\u00fcfungsprogramms abgefragt wird. Dadurch k\u00f6nnen Kinder die Techniken ruhiger und sorgf\u00e4ltiger erlernt.<\/p>\n<h2>Danpr\u00fcfungen<\/h2>\n<p><img loading=\"lazy\" decoding=\"async\" class=\"alignnone size-full wp-image-356\" src=\"http:\/\/jjc-peine.de\/wp-content\/uploads\/2018\/09\/DanGrade.jpg\" alt=\"\" width=\"200\" height=\"115\" \/><\/p>\n<p>Tr\u00e4ger des 1.Kyus k\u00f6nnen ab dem 18. Lebensjahr ihre erste Meisterpr\u00fcfung zum 1.Dan ablegen. Jeder, der die Pr\u00fcfung besteht, hat die Ehre und Pflicht einen schwarzen G\u00fcrtel zu tragen. Wie bei den Kyupr\u00fcfungen auch, gibt es Wartezeiten, die man einhalten muss, um die n\u00e4chste Pr\u00fcfung abzulegen. Diese wird mit jedem Dangrad, den man erreichen m\u00f6chte, ein Jahr l\u00e4nger. Die letzte ablegbare Danpr\u00fcfung ist die zum 5.Dan. Alle weiteren Meistergrade k\u00f6nnen nur durch die Pr\u00fcfungskomission verliehen werden. Im Gegensatz zu den Kyugraden erh\u00e4lt man nicht nach jeder erfolgreich abgelegten Pr\u00fcfung einen neuen G\u00fcrtel sondern erst ab 6.Dan und dem 9. Dan.Die Farben, die man Tragen darf sind:<\/p>\n<p>&#8211; 1.Dan bis 5.Dan (schwarzer G\u00fcrtel)<br \/>\n&#8211; 6.Dan bis 8.Dan (rot-wei\u00dfer oder rot-schwarzer G\u00fcrtel)<br \/>\n&#8211; 9.Dan bis 10.Dan (roter G\u00fcrtel)<\/p>\n","protected":false},"excerpt":{"rendered":"<p>Das Pr\u00fcfungssystem Wie in vielen anderen asiatisch gepr\u00e4gten Kampfsportarten existiert auch im Ju-Jutsu ein Graduierungssytem. Diese werden in zwei Gruppen<\/p>\n","protected":false},"author":1,"featured_media":0,"parent":0,"menu_order":0,"comment_status":"closed","ping_status":"closed","template":"","meta":{"footnotes":""},"class_list":["post-232","page","type-page","status-publish","hentry"],"_links":{"self":[{"href":"http:\/\/jjc-peine.de\/index.php?rest_route=\/wp\/v2\/pages\/232","targetHints":{"allow":["GET"]}}],"collection":[{"href":"http:\/\/jjc-peine.de\/index.php?rest_route=\/wp\/v2\/pages"}],"about":[{"href":"http:\/\/jjc-peine.de\/index.php?rest_route=\/wp\/v2\/types\/page"}],"author":[{"embeddable":true,"href":"http:\/\/jjc-peine.de\/index.php?rest_route=\/wp\/v2\/users\/1"}],"replies":[{"embeddable":true,"href":"http:\/\/jjc-peine.de\/index.php?rest_route=%2Fwp%2Fv2%2Fcomments&post=232"}],"version-history":[{"count":7,"href":"http:\/\/jjc-peine.de\/index.php?rest_route=\/wp\/v2\/pages\/232\/revisions"}],"predecessor-version":[{"id":1236,"href":"http:\/\/jjc-peine.de\/index.php?rest_route=\/wp\/v2\/pages\/232\/revisions\/1236"}],"wp:attachment":[{"href":"http:\/\/jjc-peine.de\/index.php?rest_route=%2Fwp%2Fv2%2Fmedia&parent=232"}],"curies":[{"name":"wp","href":"https:\/\/api.w.org\/{rel}","templated":true}]}}