{"id":126,"date":"2018-05-16T07:30:29","date_gmt":"2018-05-16T07:30:29","guid":{"rendered":"http:\/\/jjc-peine.de\/?page_id=126"},"modified":"2024-05-30T21:31:39","modified_gmt":"2024-05-30T21:31:39","slug":"trainingsorte","status":"publish","type":"page","link":"https:\/\/jjc-peine.de\/?page_id=126","title":{"rendered":"Trainingsorte"},"content":{"rendered":"<h2><strong>Halle des Ratsgymnasium<\/strong><\/h2>\n<p><img loading=\"lazy\" decoding=\"async\" class=\"alignnone size-full wp-image-349\" src=\"http:\/\/jjc-peine.de\/wp-content\/uploads\/2018\/09\/2.jpg\" alt=\"\" width=\"320\" height=\"206\" srcset=\"https:\/\/jjc-peine.de\/wp-content\/uploads\/2018\/09\/2.jpg 320w, https:\/\/jjc-peine.de\/wp-content\/uploads\/2018\/09\/2-300x193.jpg 300w\" sizes=\"auto, (max-width: 320px) 100vw, 320px\" \/><\/p>\n<p>Die Gymnastikhalle des Ratsgymnasium Peine (Burgstra\u00dfe 2, 31224 Peine)\u00a0 ist unsere Trainingshalle f\u00fcr die Einheiten am Montag und Donnerstag.<\/p>\n<p>Um zu ihr zu gelangen, begebt ihr euch zuerst zum Ratsgymnasium. Dort geht ihr zu den Fahrradst\u00e4ndern und folgt diesen bis zur T\u00fcr (die ihr auf dem Bild sehen k\u00f6nnt). Hinter dieser T\u00fcr befindet sich auf der linken Seite unsere Trainingshalle.<\/p>\n<h2><strong>Halle der Burgschule<\/strong><\/h2>\n<p><img loading=\"lazy\" decoding=\"async\" class=\"alignnone size-full wp-image-350\" src=\"http:\/\/jjc-peine.de\/wp-content\/uploads\/2018\/09\/3.jpg\" alt=\"\" width=\"320\" height=\"206\" srcset=\"https:\/\/jjc-peine.de\/wp-content\/uploads\/2018\/09\/3.jpg 320w, https:\/\/jjc-peine.de\/wp-content\/uploads\/2018\/09\/3-300x193.jpg 300w\" sizes=\"auto, (max-width: 320px) 100vw, 320px\" \/><\/p>\n<p>Am Mittwoch und f\u00fcr das Wettkampftraining am Samstag steht uns die Halle der Burgschule als Trainingsort zur Verf\u00fcgung.<\/p>\n<p>Um diese zu erreichen, begebt ihr euch zum Kreisel hinter der Schule. \u00dcber den Lehrerparkplatz gelangt ihr dann auf den Schulhof. Von dort aus, begebt ihr euch zu der Treppe, die auf dem Bild abgebildet ist, und betretet die Halle. Nach dem Umziehen geht ihr dann in die rechte Halle, wo das Training stattfinden wird.<\/p>\n<h2><strong>Halle in Edemissen<\/strong><\/h2>\n<p><img loading=\"lazy\" decoding=\"async\" class=\"alignnone size-full wp-image-351\" src=\"http:\/\/jjc-peine.de\/wp-content\/uploads\/2018\/09\/4.jpg\" alt=\"\" width=\"320\" height=\"208\" srcset=\"https:\/\/jjc-peine.de\/wp-content\/uploads\/2018\/09\/4.jpg 320w, https:\/\/jjc-peine.de\/wp-content\/uploads\/2018\/09\/4-300x195.jpg 300w\" sizes=\"auto, (max-width: 320px) 100vw, 320px\" \/><\/p>\n<p>F\u00fcr das Kindertraining am Freitag in Edemissen nutzen wir die Halle der Sonderschule in Edemissen.<\/p>\n","protected":false},"excerpt":{"rendered":"<p>Halle des Ratsgymnasium Die Gymnastikhalle des Ratsgymnasium Peine (Burgstra\u00dfe 2, 31224 Peine)\u00a0 ist unsere Trainingshalle f\u00fcr die Einheiten am Montag<\/p>\n","protected":false},"author":1,"featured_media":0,"parent":71,"menu_order":0,"comment_status":"closed","ping_status":"closed","template":"","meta":{"footnotes":""},"class_list":["post-126","page","type-page","status-publish","hentry"],"_links":{"self":[{"href":"https:\/\/jjc-peine.de\/index.php?rest_route=\/wp\/v2\/pages\/126","targetHints":{"allow":["GET"]}}],"collection":[{"href":"https:\/\/jjc-peine.de\/index.php?rest_route=\/wp\/v2\/pages"}],"about":[{"href":"https:\/\/jjc-peine.de\/index.php?rest_route=\/wp\/v2\/types\/page"}],"author":[{"embeddable":true,"href":"https:\/\/jjc-peine.de\/index.php?rest_route=\/wp\/v2\/users\/1"}],"replies":[{"embeddable":true,"href":"https:\/\/jjc-peine.de\/index.php?rest_route=%2Fwp%2Fv2%2Fcomments&post=126"}],"version-history":[{"count":4,"href":"https:\/\/jjc-peine.de\/index.php?rest_route=\/wp\/v2\/pages\/126\/revisions"}],"predecessor-version":[{"id":1239,"href":"https:\/\/jjc-peine.de\/index.php?rest_route=\/wp\/v2\/pages\/126\/revisions\/1239"}],"up":[{"embeddable":true,"href":"https:\/\/jjc-peine.de\/index.php?rest_route=\/wp\/v2\/pages\/71"}],"wp:attachment":[{"href":"https:\/\/jjc-peine.de\/index.php?rest_route=%2Fwp%2Fv2%2Fmedia&parent=126"}],"curies":[{"name":"wp","href":"https:\/\/api.w.org\/{rel}","templated":true}]}}