{"id":244,"date":"2018-05-19T17:58:23","date_gmt":"2018-05-19T17:58:23","guid":{"rendered":"http:\/\/jjc-peine.de\/?page_id=244"},"modified":"2024-10-24T15:59:27","modified_gmt":"2024-10-24T15:59:27","slug":"pruefungsprogramme","status":"publish","type":"page","link":"https:\/\/jjc-peine.de\/?page_id=244","title":{"rendered":"Pr\u00fcfungsprogramme"},"content":{"rendered":"<h3 style=\"text-align: left;\">Aktuelle Pr\u00fcfungsprogramme<\/h3>\n<hr \/>\n<p><span style=\"font-size: inherit;\">1. Ein gelber Streifen (6.1 Kyu): <strong><a href=\"http:\/\/jjc-peine.de\/wp-content\/uploads\/2024\/10\/6.1-Kyu-weii-gelber-Aufn\u201eher-Vorbereitungskarte.pdf\">Download<\/a><\/strong><\/span><\/p>\n<p><span style=\"font-size: revert;\">2. Zwei gelbe Streifen (6.2 Kyu): <a href=\"http:\/\/jjc-peine.de\/wp-content\/uploads\/2024\/10\/6.2-Kyu-weia-gelb-Vorbereitungskarte.pdf\"><strong>Download<\/strong><\/a><\/span><\/p>\n<p>3. \u00a0gelber Gurt (5. Kyu): <strong><a href=\"http:\/\/jjc-peine.de\/wp-content\/uploads\/2024\/10\/5.-Kyu-gelb-Vorbereitungskarte.pdf\">Download<\/a><\/strong><\/p>\n<p>4. \u00a0gelber G\u00fcrtel mit einem organgenen Streifen (5.1 Kyu): <a href=\"http:\/\/jjc-peine.de\/wp-content\/uploads\/2024\/10\/5.1-Kyu-gelb-orangener-Aufn\u201eher-Vorbereitungskarte.pdf\"><strong>Download<\/strong><\/a><\/p>\n<p>5. \u00a0gelber G\u00fcrtel mit zwei organgenen Streifen \u00a0(5.2 Kyu): <a href=\"http:\/\/jjc-peine.de\/wp-content\/uploads\/2024\/10\/5.2-Kyu-gelb-orange-Vorbereitungskarte.pdf\"><strong>Download<\/strong><\/a><\/p>\n<p>6. orangener G\u00fcrtel (4. Kyu): <strong><a href=\"http:\/\/jjc-peine.de\/wp-content\/uploads\/2024\/10\/4.-Kyu-orange-Vorbereitungskarte.pdf\">Download<\/a><\/strong><\/p>\n<p>7.\u00a0 orangener G\u00fcrtel mit einem gr\u00fcnen Streifen (4.1 Kyu): <strong><a href=\"http:\/\/jjc-peine.de\/wp-content\/uploads\/2024\/10\/4.1-Kyu-orange-gr\ufffdn-Vorbereitungskarte.pdf\">Download<\/a><\/strong><\/p>\n<p>8. gr\u00fcner G\u00fcrtel (3. Kyu): <strong><a href=\"http:\/\/jjc-peine.de\/wp-content\/uploads\/2024\/10\/3.-Kyu-gr\ufffdn-Vorbereitungskarte.pdf\">Download<\/a><\/strong><\/p>\n<p>9. gr\u00fcn\/blauer Halbgurt (3.1 Kyu): <a href=\"http:\/\/jjc-peine.de\/wp-content\/uploads\/2024\/10\/3.1-Kyu-gr\ufffdn-blau-Vorbereitungskarte.pdf\"><strong>Download<\/strong><\/a> <\/p>\n<p>Pr\u00fcfungen auf Bezirks-\/Landesebene: Programme folgen in K\u00fcrze !!<\/p>\n\n\n<p><\/p>\n\n\n\n<p>Zus\u00e4tzliche Informationen:<\/p>\n\n\n\n<p>Infos zu den Vorbereitungskarten (P\u00fcrfungsprogrammen): <a href=\"http:\/\/jjc-peine.de\/wp-content\/uploads\/2024\/10\/Zusatz-zum-Pruefungsprogramm.pdf\">Download<\/a><\/p>\n\n\n\n<p>Erg\u00e4nzungsbaltt f\u00fcr den 3.1 Kyu (gr\u00fcn\/blau) und 2. Kyu (blau): <a href=\"http:\/\/jjc-peine.de\/wp-content\/uploads\/2024\/10\/Zusatzblatt-Kyu-3.1-und-2.Kyu_.pdf\">Download<\/a><\/p>\n","protected":false},"excerpt":{"rendered":"<p>Aktuelle Pr\u00fcfungsprogramme 1. Ein gelber Streifen (6.1 Kyu): Download 2. Zwei gelbe Streifen (6.2 Kyu): Download 3. \u00a0gelber Gurt (5.<\/p>\n","protected":false},"author":1,"featured_media":0,"parent":0,"menu_order":0,"comment_status":"closed","ping_status":"closed","template":"","meta":{"footnotes":""},"class_list":["post-244","page","type-page","status-publish","hentry"],"_links":{"self":[{"href":"https:\/\/jjc-peine.de\/index.php?rest_route=\/wp\/v2\/pages\/244","targetHints":{"allow":["GET"]}}],"collection":[{"href":"https:\/\/jjc-peine.de\/index.php?rest_route=\/wp\/v2\/pages"}],"about":[{"href":"https:\/\/jjc-peine.de\/index.php?rest_route=\/wp\/v2\/types\/page"}],"author":[{"embeddable":true,"href":"https:\/\/jjc-peine.de\/index.php?rest_route=\/wp\/v2\/users\/1"}],"replies":[{"embeddable":true,"href":"https:\/\/jjc-peine.de\/index.php?rest_route=%2Fwp%2Fv2%2Fcomments&post=244"}],"version-history":[{"count":27,"href":"https:\/\/jjc-peine.de\/index.php?rest_route=\/wp\/v2\/pages\/244\/revisions"}],"predecessor-version":[{"id":1276,"href":"https:\/\/jjc-peine.de\/index.php?rest_route=\/wp\/v2\/pages\/244\/revisions\/1276"}],"wp:attachment":[{"href":"https:\/\/jjc-peine.de\/index.php?rest_route=%2Fwp%2Fv2%2Fmedia&parent=244"}],"curies":[{"name":"wp","href":"https:\/\/api.w.org\/{rel}","templated":true}]}}