{"id":84,"date":"2018-05-14T10:46:43","date_gmt":"2018-05-14T10:46:43","guid":{"rendered":"http:\/\/jjc-peine.de\/?page_id=84"},"modified":"2024-09-23T16:28:30","modified_gmt":"2024-09-23T16:28:30","slug":"ausschreibungen","status":"publish","type":"page","link":"https:\/\/jjc-peine.de\/?page_id=84","title":{"rendered":"Impressum"},"content":{"rendered":"<h2><\/h2>\n<h2>Gesch\u00e4ftsstelle<\/h2>\n<ul>\n<li>Katy Besener<\/li>\n<li>Blumenstra\u00dfe 12<\/li>\n<li>31249 Hohenhameln<\/li>\n<li>Telefon: 05128 \/ 4470<\/li>\n<li>Email:\u00a0<a href=\"mailto:geschstelle@jjcpeine.de\">geschstelle@jjcpeine.de<\/a><\/li>\n<\/ul>\n<h2>1. Vorsitzender<\/h2>\n<ul>\n<li>Wenzel Rohde<\/li>\n<li>Schwarzer Weg 86<\/li>\n<li>31224 Peine<\/li>\n<li>Telefon: 0178 8313370<\/li>\n<li>Email:\u00a0<a href=\"mailto:wenzel@jjcpeine.de\">wenzel@jjcpeine.de<\/a><\/li>\n<\/ul>\n<h2>Webmaster<\/h2>\n<ul>\n<li>Email:\u00a0<a href=\"mailto:webmaster@jjcpeine.de\">webmaster@jjcpeine.de<\/a><\/li>\n<\/ul>\n<h2>Haftungsausschluss<\/h2>\n<p>Hiermit stellt der Ju-Jutsu Club Peine klar, dass er keine Verantwortung f\u00fcr die Inhalte der hier, auf dieser Seite verlinkten Websites nimmt. F\u00fcr die Gestaltung und Inhalte dieser Websites sind die jeweiligen Betreiber zust\u00e4ndig.<\/p>\n","protected":false},"excerpt":{"rendered":"<p>Gesch\u00e4ftsstelle Katy Besener Blumenstra\u00dfe 12 31249 Hohenhameln Telefon: 05128 \/ 4470 Email:\u00a0geschstelle@jjcpeine.de 1. Vorsitzender Wenzel Rohde Schwarzer Weg 86 31224<\/p>\n","protected":false},"author":1,"featured_media":0,"parent":0,"menu_order":0,"comment_status":"closed","ping_status":"closed","template":"","meta":{"footnotes":""},"class_list":["post-84","page","type-page","status-publish","hentry"],"_links":{"self":[{"href":"https:\/\/jjc-peine.de\/index.php?rest_route=\/wp\/v2\/pages\/84","targetHints":{"allow":["GET"]}}],"collection":[{"href":"https:\/\/jjc-peine.de\/index.php?rest_route=\/wp\/v2\/pages"}],"about":[{"href":"https:\/\/jjc-peine.de\/index.php?rest_route=\/wp\/v2\/types\/page"}],"author":[{"embeddable":true,"href":"https:\/\/jjc-peine.de\/index.php?rest_route=\/wp\/v2\/users\/1"}],"replies":[{"embeddable":true,"href":"https:\/\/jjc-peine.de\/index.php?rest_route=%2Fwp%2Fv2%2Fcomments&post=84"}],"version-history":[{"count":8,"href":"https:\/\/jjc-peine.de\/index.php?rest_route=\/wp\/v2\/pages\/84\/revisions"}],"predecessor-version":[{"id":1248,"href":"https:\/\/jjc-peine.de\/index.php?rest_route=\/wp\/v2\/pages\/84\/revisions\/1248"}],"wp:attachment":[{"href":"https:\/\/jjc-peine.de\/index.php?rest_route=%2Fwp%2Fv2%2Fmedia&parent=84"}],"curies":[{"name":"wp","href":"https:\/\/api.w.org\/{rel}","templated":true}]}}